{"id":13,"date":"2025-05-20T18:54:44","date_gmt":"2025-05-20T16:54:44","guid":{"rendered":"https:\/\/kretzschmar-wiesbaden.de\/?page_id=13"},"modified":"2025-07-01T17:36:28","modified_gmt":"2025-07-01T15:36:28","slug":"gestalttherapie","status":"publish","type":"page","link":"https:\/\/kretzschmar-wiesbaden.de\/?page_id=13","title":{"rendered":"Gestalttherapie"},"content":{"rendered":"\n<h1 class=\"wp-block-heading\">Gestalttherapie \/ Integrative Gestaltpsychotherapie (FPI)<\/h1>\n\n\n\n<p>Die Gestalttherapie nach Fritz und Lore Perls (FPI) geh\u00f6rt zu den humanistischen Behandlungsformen. Im Zentrum steht der <strong>zwischenmenschliche Dialog<\/strong>. Patient wie Therapeut begegnen sich in \u201eihrem Gewordensein\u201c. D.h. es begegnen sich zwei Menschen auf der Basis ihrer Geschichten und Erfahrungen. Es gibt hier kein \u201edar\u00fcber oder darunter\u201c, es geht in erster Linie um eine <strong>gleichberechtigte<\/strong>, <strong>konstruktive Arbeit<\/strong> innerhalb einer menschlichen Beziehung.<\/p>\n\n\n\n<p>Der Patient wird bei dieser eher erlebniszentrierten* Methode mit unvollst\u00e4ndig verarbeiteten Erfahrungen oder unterdr\u00fcckten Bed\u00fcrfnissen konfrontiert, wobei sich die Therapie auf den Zustand des Patienten im \u201eHier und Jetzt\u201d konzentriert.<\/p>\n\n\n\n<p>Ziel der Gestalttherapie ist die Entwicklung des Patienten zu einem <strong>ganzheitlichen<\/strong>,<strong> authentischen<\/strong> Menschen, dem wichtige Anteile seiner Pers\u00f6nlichkeit, wie Gef\u00fchle und Bed\u00fcrfnisse bewusst sind.<\/p>\n\n\n\n<p>* \u201cerlebniszentriert\u201c bedeutet an dieser Stelle, dass in den Sitzungen mit unterschiedlichen Medien, wie Malen, Schreiben, Rollenspiel gearbeitet werden kann.<\/p>\n\n\n\n<p>Ich habe die gro\u00dfe Psychotherapieausbildung am <strong>Fritz-Perls-Institut<\/strong> absolviert.<\/p>\n\n\n\n<p>Weiterf\u00fchrende Literatur unter:<br><a href=\"http:\/\/www.therapie.de\/psyche\/info\/glossar\/gestalttherapie\">http:\/\/www.therapie.de\/psyche\/info\/glossar\/gestalttherapie<\/a><\/p>\n\n\n\n<p><\/p>\n","protected":false},"excerpt":{"rendered":"<p>Gestalttherapie \/ Integrative Gestaltpsychotherapie (FPI) Die Gestalttherapie nach Fritz und Lore Perls (FPI) geh\u00f6rt zu den humanistischen Behandlungsformen. Im Zentrum steht der zwischenmenschliche Dialog. Patient wie Therapeut begegnen sich in \u201eihrem Gewordensein\u201c. D.h. es begegnen sich zwei Menschen auf der Basis ihrer Geschichten und Erfahrungen. Es gibt hier kein \u201edar\u00fcber oder darunter\u201c, es geht in [&hellip;]<\/p>\n","protected":false},"author":1,"featured_media":0,"parent":0,"menu_order":3,"comment_status":"closed","ping_status":"closed","template":"","meta":{"footnotes":""},"class_list":["post-13","page","type-page","status-publish","hentry"],"_links":{"self":[{"href":"https:\/\/kretzschmar-wiesbaden.de\/index.php?rest_route=\/wp\/v2\/pages\/13","targetHints":{"allow":["GET"]}}],"collection":[{"href":"https:\/\/kretzschmar-wiesbaden.de\/index.php?rest_route=\/wp\/v2\/pages"}],"about":[{"href":"https:\/\/kretzschmar-wiesbaden.de\/index.php?rest_route=\/wp\/v2\/types\/page"}],"author":[{"embeddable":true,"href":"https:\/\/kretzschmar-wiesbaden.de\/index.php?rest_route=\/wp\/v2\/users\/1"}],"replies":[{"embeddable":true,"href":"https:\/\/kretzschmar-wiesbaden.de\/index.php?rest_route=%2Fwp%2Fv2%2Fcomments&post=13"}],"version-history":[{"count":4,"href":"https:\/\/kretzschmar-wiesbaden.de\/index.php?rest_route=\/wp\/v2\/pages\/13\/revisions"}],"predecessor-version":[{"id":143,"href":"https:\/\/kretzschmar-wiesbaden.de\/index.php?rest_route=\/wp\/v2\/pages\/13\/revisions\/143"}],"wp:attachment":[{"href":"https:\/\/kretzschmar-wiesbaden.de\/index.php?rest_route=%2Fwp%2Fv2%2Fmedia&parent=13"}],"curies":[{"name":"wp","href":"https:\/\/api.w.org\/{rel}","templated":true}]}}