{"id":15,"date":"2025-05-20T18:54:51","date_gmt":"2025-05-20T16:54:51","guid":{"rendered":"https:\/\/kretzschmar-wiesbaden.de\/?page_id=15"},"modified":"2025-07-01T17:36:47","modified_gmt":"2025-07-01T15:36:47","slug":"psychoonkologie","status":"publish","type":"page","link":"https:\/\/kretzschmar-wiesbaden.de\/?page_id=15","title":{"rendered":"Psychoonkologie"},"content":{"rendered":"\n<h1 class=\"wp-block-heading\">Psychoonkologie<\/h1>\n\n\n\n<p><strong>\u201eIch kann aus diesem Alptraum nicht erwachen.\u201c<\/strong><\/p>\n\n\n\n<p>Diesen Satz h\u00f6re ich in \u00e4hnlicher Form h\u00e4ufig.\u00a0<strong>Hilflosigkeit<\/strong>,\u00a0<strong>Angst<\/strong>,\u00a0<strong>Ohnmacht<\/strong>,\u00a0<strong>Wut<\/strong>\u00a0und\u00a0<strong>Verzweiflung<\/strong>\u00a0  sind vorherrschende Gef\u00fchle im Zusammenhang mit der Krebserkrankung. Diese Empfindungen sind erst einmal nat\u00fcrliche Reaktionen und deshalb\u00a0<strong>nicht unbedingt behandlungsbed\u00fcrftig<\/strong>\u00a0oder als psychische St\u00f6rung anzusehen. Dennoch sind Patienten oft durch die medizinischen Heilbehandlungen z.B. durch eine Operation, Chemo-, Strahlentherapie oder durch soziale Einfl\u00fcsse\u00a0<strong>\u00fcber die Ma\u00dfen belastet<\/strong>,\u00a0denn nicht nur der K\u00f6rper leidet unter der Diagnose, sondern auch die Seele.<\/p>\n\n\n\n<p>Psychoonkologie ist die Fachdisziplin innerhalb der Onkologie, bei welcher nicht der K\u00f6rper, sondern das&nbsp;<strong>psychische<\/strong>&nbsp;wie&nbsp;<strong>soziale Erleben<\/strong>&nbsp;<strong>nach der Erkrankung<\/strong>&nbsp;im Fokus stehen. Es gilt, Menschen in dieser Situation bei der&nbsp;<strong>Bew\u00e4ltigung<\/strong>&nbsp;der Erkrankung zu unterst\u00fctzen und zu begleiten.<\/p>\n\n\n\n<p>Ich bin innerhalb dieser Fachdisziplin seit vielen Jahren in Praxis und Theorie engagiert. Weiterhin bin ich Mitglied der deutschen Krebsgesellschaft.&nbsp;Im Rahmen einer Studie der Universit\u00e4t Mainz zur Behandlung der Depression bei Mammakarzinom ist mir ein Promotionsvorhaben erm\u00f6glicht worden.<\/p>\n","protected":false},"excerpt":{"rendered":"<p>Psychoonkologie \u201eIch kann aus diesem Alptraum nicht erwachen.\u201c Diesen Satz h\u00f6re ich in \u00e4hnlicher Form h\u00e4ufig.\u00a0Hilflosigkeit,\u00a0Angst,\u00a0Ohnmacht,\u00a0Wut\u00a0und\u00a0Verzweiflung\u00a0 sind vorherrschende Gef\u00fchle im Zusammenhang mit der Krebserkrankung. Diese Empfindungen sind erst einmal nat\u00fcrliche Reaktionen und deshalb\u00a0nicht unbedingt behandlungsbed\u00fcrftig\u00a0oder als psychische St\u00f6rung anzusehen. Dennoch sind Patienten oft durch die medizinischen Heilbehandlungen z.B. durch eine Operation, Chemo-, Strahlentherapie oder durch [&hellip;]<\/p>\n","protected":false},"author":1,"featured_media":0,"parent":0,"menu_order":4,"comment_status":"closed","ping_status":"closed","template":"","meta":{"footnotes":""},"class_list":["post-15","page","type-page","status-publish","hentry"],"_links":{"self":[{"href":"https:\/\/kretzschmar-wiesbaden.de\/index.php?rest_route=\/wp\/v2\/pages\/15","targetHints":{"allow":["GET"]}}],"collection":[{"href":"https:\/\/kretzschmar-wiesbaden.de\/index.php?rest_route=\/wp\/v2\/pages"}],"about":[{"href":"https:\/\/kretzschmar-wiesbaden.de\/index.php?rest_route=\/wp\/v2\/types\/page"}],"author":[{"embeddable":true,"href":"https:\/\/kretzschmar-wiesbaden.de\/index.php?rest_route=\/wp\/v2\/users\/1"}],"replies":[{"embeddable":true,"href":"https:\/\/kretzschmar-wiesbaden.de\/index.php?rest_route=%2Fwp%2Fv2%2Fcomments&post=15"}],"version-history":[{"count":5,"href":"https:\/\/kretzschmar-wiesbaden.de\/index.php?rest_route=\/wp\/v2\/pages\/15\/revisions"}],"predecessor-version":[{"id":137,"href":"https:\/\/kretzschmar-wiesbaden.de\/index.php?rest_route=\/wp\/v2\/pages\/15\/revisions\/137"}],"wp:attachment":[{"href":"https:\/\/kretzschmar-wiesbaden.de\/index.php?rest_route=%2Fwp%2Fv2%2Fmedia&parent=15"}],"curies":[{"name":"wp","href":"https:\/\/api.w.org\/{rel}","templated":true}]}}