{"id":17,"date":"2025-05-20T18:55:11","date_gmt":"2025-05-20T16:55:11","guid":{"rendered":"https:\/\/kretzschmar-wiesbaden.de\/?page_id=17"},"modified":"2025-07-01T17:39:26","modified_gmt":"2025-07-01T15:39:26","slug":"hypnotherapie","status":"publish","type":"page","link":"https:\/\/kretzschmar-wiesbaden.de\/?page_id=17","title":{"rendered":"Hypnotherapie"},"content":{"rendered":"\n<h1 class=\"wp-block-heading\">Hypnotherapie<\/h1>\n\n\n\n<p>Dieses Wort allein ruft bei vielen Menschen unterschiedliche Gedanken und Empfindungen hervor. Manch einer wei\u00df von schrecklichen (meist \u00fcbertrieben) Beispielen der Beeinflussung, &nbsp;z.B. in der B\u00fchnen- und Showhypnose zu berichten.<br>Es gilt die Hypnose zu entmystifizieren.<\/p>\n\n\n\n<p>Grunds\u00e4tzlich gilt immer:<strong>&nbsp;Niemand<\/strong>&nbsp;ist in der&nbsp;<strong>klinischen Hypnose<\/strong>&nbsp;dem Behandler&nbsp;<strong>ausgeliefert<\/strong>. Kein Klient&nbsp;w\u00fcrde in Hypnose Dinge tun, die er im Wachzustand ablehnen w\u00fcrde.<\/p>\n\n\n\n<p>Hypnose ist&nbsp;<strong>immer<\/strong>&nbsp;<strong>freiwillig<\/strong>&nbsp;und im Grunde eine \u201eSelbsthypnose\u201c.<br>Die Erwartung einer einfachen L\u00f6sung im Sinne einer&nbsp;<strong>Heilserwartung von au\u00dfen<\/strong>&nbsp;ist&nbsp;<strong>nicht m\u00f6glich<\/strong>&nbsp;und&nbsp;<strong>nicht gewollt<\/strong>.<\/p>\n\n\n\n<p>Der Begriff kommt vom griechischen \u201chypnos\u201d und bedeutet soviel wie Schlaf. Selbst wenn es f\u00fcr den Au\u00dfenstehenden so aussieht, als schliefe der Hypnotisierte, so ist eher das Gegenteil der Fall: Im Zustand der Hypnose (Trance) findet eine\u00a0<strong>Erh\u00f6hung der Konzentration<\/strong>\u00a0und auch eine\u00a0<strong>Aktivierung<\/strong>\u00a0der sogenannten Alpha- Rhythmen im Gehirn statt. Die rechte Hirnh\u00e4lfte mit ihrem bildhaften, phantasiereichen und kreativen Denken wird aktiviert, w\u00e4hrend die linke Hirnh\u00e4lfte mit ihrem logisch-analytischen Denken nur wenig in ihrer Aktivit\u00e4t nachl\u00e4sst; die\u00a0<strong>bewusste Kontrolle<\/strong>\u00a0bleibt damit weitgehend\u00a0<strong>erhalten<\/strong>. In diesem Zustand ist eine\u00a0<strong>Steigerung der Probleml\u00f6sef\u00e4higkeit<\/strong>\u00a0sowie\u00a0der\u00a0<strong>Kreativit\u00e4t<\/strong>\u00a0m\u00f6glich. \u00dcber das Rationale hinaus werden intuitive Mechanismen aktiviert, die\u00a0so bei unterschiedlichsten Fragestellungen helfen.<\/p>\n\n\n\n<div class=\"wp-block-media-text is-stacked-on-mobile\"><figure class=\"wp-block-media-text__media\"><\/figure><div class=\"wp-block-media-text__content\">\n<p><\/p>\n<\/div><\/div>\n\n\n\n<p>Ich praktiziere die klinische Hypnotherapie nach Milton Erickson (MEG).<\/p>\n","protected":false},"excerpt":{"rendered":"<p>Hypnotherapie Dieses Wort allein ruft bei vielen Menschen unterschiedliche Gedanken und Empfindungen hervor. Manch einer wei\u00df von schrecklichen (meist \u00fcbertrieben) Beispielen der Beeinflussung, &nbsp;z.B. in der B\u00fchnen- und Showhypnose zu berichten.Es gilt die Hypnose zu entmystifizieren. Grunds\u00e4tzlich gilt immer:&nbsp;Niemand&nbsp;ist in der&nbsp;klinischen Hypnose&nbsp;dem Behandler&nbsp;ausgeliefert. Kein Klient&nbsp;w\u00fcrde in Hypnose Dinge tun, die er im Wachzustand ablehnen w\u00fcrde. [&hellip;]<\/p>\n","protected":false},"author":1,"featured_media":0,"parent":0,"menu_order":10,"comment_status":"closed","ping_status":"closed","template":"","meta":{"footnotes":""},"class_list":["post-17","page","type-page","status-publish","hentry"],"_links":{"self":[{"href":"https:\/\/kretzschmar-wiesbaden.de\/index.php?rest_route=\/wp\/v2\/pages\/17","targetHints":{"allow":["GET"]}}],"collection":[{"href":"https:\/\/kretzschmar-wiesbaden.de\/index.php?rest_route=\/wp\/v2\/pages"}],"about":[{"href":"https:\/\/kretzschmar-wiesbaden.de\/index.php?rest_route=\/wp\/v2\/types\/page"}],"author":[{"embeddable":true,"href":"https:\/\/kretzschmar-wiesbaden.de\/index.php?rest_route=\/wp\/v2\/users\/1"}],"replies":[{"embeddable":true,"href":"https:\/\/kretzschmar-wiesbaden.de\/index.php?rest_route=%2Fwp%2Fv2%2Fcomments&post=17"}],"version-history":[{"count":4,"href":"https:\/\/kretzschmar-wiesbaden.de\/index.php?rest_route=\/wp\/v2\/pages\/17\/revisions"}],"predecessor-version":[{"id":133,"href":"https:\/\/kretzschmar-wiesbaden.de\/index.php?rest_route=\/wp\/v2\/pages\/17\/revisions\/133"}],"wp:attachment":[{"href":"https:\/\/kretzschmar-wiesbaden.de\/index.php?rest_route=%2Fwp%2Fv2%2Fmedia&parent=17"}],"curies":[{"name":"wp","href":"https:\/\/api.w.org\/{rel}","templated":true}]}}