{"id":19,"date":"2025-05-20T18:55:18","date_gmt":"2025-05-20T16:55:18","guid":{"rendered":"https:\/\/kretzschmar-wiesbaden.de\/?page_id=19"},"modified":"2025-07-01T17:37:21","modified_gmt":"2025-07-01T15:37:21","slug":"coaching","status":"publish","type":"page","link":"https:\/\/kretzschmar-wiesbaden.de\/?page_id=19","title":{"rendered":"Coaching"},"content":{"rendered":"\n<h1 class=\"wp-block-heading\">Coaching<\/h1>\n\n\n\n<p>Sollte man Coaching in einem Schlagwort zusammenfassen, \u2028so ist Coaching als Unterst\u00fctzung in Hinblick auf&nbsp;<strong>Freud und Leid im Beruf<\/strong>&nbsp;anzusehen\u2028 (Schrey\u00f6gg, 1996).<\/p>\n\n\n\n<p>Einzel- wie auch Teamcoaching ist demnach zu verstehen als Ma\u00dfnahme zur\u00a0<strong>Unterst\u00fctzung<\/strong>\u00a0von Mitarbeitern und F\u00fchrungskr\u00e4ften in beruflichen wie privaten Krisensituationen, aus Bereichen der freien Wirtschaft und \u00f6ffentlichen Institutionen.<br>\u00dcber Kriseninterventionen hinaus stellt das Coaching eine\u00a0<strong>Hilfestellung<\/strong>\u00a0dar, im Sinne einer professionellen Beratung zur\u00a0<strong>pers\u00f6nlichen<\/strong>\u00a0wie\u00a0<strong>beruflichen<\/strong>\u00a0<strong>Weiterentwicklung<\/strong>.\u2028 Im Zentrum steht auch hier\u00a0<strong>pers\u00f6nliches Wachstum<\/strong>, das seinen Ausdruck in zunehmender\u00a0<strong>Kompetenz<\/strong>,\u00a0<strong>Motivation<\/strong>\u00a0<strong>und Effizienz<\/strong>\u00a0findet. Hier k\u00f6nnen bei Indikation und auf Wunsch des Klienten auch hypnotherapeutische Methoden zur Leistungs- und Motivationssteigerung zum Einsatz kommen (keine Kassenleistung). \u2028Bei Fragestellungen, wie z.B\u00a0<strong>Mobbing<\/strong>\u00a0werden f\u00fcr Mitarbeiter wie auch f\u00fcr F\u00fchrungskr\u00e4fte Themen wie konstruktive\u00a0<strong>Abgrenzung<\/strong>,\u00a0<strong>Selbstbehauptung<\/strong>, eindeutiges klares\u00a0<strong>F\u00fchrungsverhalten<\/strong>,\u00a0<strong>Empathie<\/strong>,\u00a0<strong>Respekt<\/strong>\u00a0und\u00a0  <strong>Wertsch\u00e4tzung<\/strong>\u00a0thematisiert.<\/p>\n\n\n\n<p><\/p>\n","protected":false},"excerpt":{"rendered":"<p>Coaching Sollte man Coaching in einem Schlagwort zusammenfassen, \u2028so ist Coaching als Unterst\u00fctzung in Hinblick auf&nbsp;Freud und Leid im Beruf&nbsp;anzusehen\u2028 (Schrey\u00f6gg, 1996). Einzel- wie auch Teamcoaching ist demnach zu verstehen als Ma\u00dfnahme zur\u00a0Unterst\u00fctzung\u00a0von Mitarbeitern und F\u00fchrungskr\u00e4ften in beruflichen wie privaten Krisensituationen, aus Bereichen der freien Wirtschaft und \u00f6ffentlichen Institutionen.\u00dcber Kriseninterventionen hinaus stellt das Coaching eine\u00a0Hilfestellung\u00a0dar, [&hellip;]<\/p>\n","protected":false},"author":1,"featured_media":0,"parent":0,"menu_order":6,"comment_status":"closed","ping_status":"closed","template":"","meta":{"footnotes":""},"class_list":["post-19","page","type-page","status-publish","hentry"],"_links":{"self":[{"href":"https:\/\/kretzschmar-wiesbaden.de\/index.php?rest_route=\/wp\/v2\/pages\/19","targetHints":{"allow":["GET"]}}],"collection":[{"href":"https:\/\/kretzschmar-wiesbaden.de\/index.php?rest_route=\/wp\/v2\/pages"}],"about":[{"href":"https:\/\/kretzschmar-wiesbaden.de\/index.php?rest_route=\/wp\/v2\/types\/page"}],"author":[{"embeddable":true,"href":"https:\/\/kretzschmar-wiesbaden.de\/index.php?rest_route=\/wp\/v2\/users\/1"}],"replies":[{"embeddable":true,"href":"https:\/\/kretzschmar-wiesbaden.de\/index.php?rest_route=%2Fwp%2Fv2%2Fcomments&post=19"}],"version-history":[{"count":3,"href":"https:\/\/kretzschmar-wiesbaden.de\/index.php?rest_route=\/wp\/v2\/pages\/19\/revisions"}],"predecessor-version":[{"id":138,"href":"https:\/\/kretzschmar-wiesbaden.de\/index.php?rest_route=\/wp\/v2\/pages\/19\/revisions\/138"}],"wp:attachment":[{"href":"https:\/\/kretzschmar-wiesbaden.de\/index.php?rest_route=%2Fwp%2Fv2%2Fmedia&parent=19"}],"curies":[{"name":"wp","href":"https:\/\/api.w.org\/{rel}","templated":true}]}}