{"id":7,"date":"2025-05-20T18:53:32","date_gmt":"2025-05-20T16:53:32","guid":{"rendered":"https:\/\/kretzschmar-wiesbaden.de\/?page_id=7"},"modified":"2025-07-01T22:45:28","modified_gmt":"2025-07-01T20:45:28","slug":"ueber-mich","status":"publish","type":"page","link":"https:\/\/kretzschmar-wiesbaden.de\/","title":{"rendered":"\u00dcber mich"},"content":{"rendered":"\n<p><\/p>\n\n\n\n<p>Herzlich Willkommen auf der Internetseite meiner Psychotherapeutischen Praxis.<\/p>\n\n\n\n<p>Diese Internetpr\u00e4senz soll Ihnen einen \u00dcberblick \u00fcber meine Arbeit und mein Leistungsangebot geben und ggf. Fragen Ihrerseits zu Therapieverfahren, St\u00f6rungsbildern und dem Ablauf einer Therapie kl\u00e4ren.<\/p>\n\n\n\n<p><\/p>\n\n\n\n<div class=\"wp-block-columns is-layout-flex wp-container-core-columns-is-layout-28f84493 wp-block-columns-is-layout-flex\">\n<div class=\"wp-block-column is-layout-flow wp-block-column-is-layout-flow\">\n<p><strong>Zu meiner Person:<\/strong><br>Niederlassung seit 2000 in freier Praxis<br>Kassenzulassung (alle Kassen und privat)<br>f\u00fcr Tiefenpsychologisch Fundierte Psychotherapie<\/p>\n\n\n\n<figure class=\"wp-block-image size-large\"><img loading=\"lazy\" decoding=\"async\" width=\"1024\" height=\"683\" src=\"https:\/\/kretzschmar-wiesbaden.de\/wp-content\/uploads\/2025\/05\/Alexander-Kretzschmar-250409-013-web-1024x683.jpg\" alt=\"\" class=\"wp-image-65\" srcset=\"https:\/\/kretzschmar-wiesbaden.de\/wp-content\/uploads\/2025\/05\/Alexander-Kretzschmar-250409-013-web-1024x683.jpg 1024w, https:\/\/kretzschmar-wiesbaden.de\/wp-content\/uploads\/2025\/05\/Alexander-Kretzschmar-250409-013-web-300x200.jpg 300w, https:\/\/kretzschmar-wiesbaden.de\/wp-content\/uploads\/2025\/05\/Alexander-Kretzschmar-250409-013-web-768x512.jpg 768w, https:\/\/kretzschmar-wiesbaden.de\/wp-content\/uploads\/2025\/05\/Alexander-Kretzschmar-250409-013-web.jpg 1063w\" sizes=\"auto, (max-width: 1024px) 100vw, 1024px\" \/><\/figure>\n<\/div>\n<\/div>\n\n\n\n<p><strong>Ausbildungen und Schwerpunkte:<\/strong><\/p>\n\n\n\n<p>\u25cf  Tiefenpsychologisch Fundierte Psychotherapie<br>\u25cf  Integrative Gestalttherapie (FPI)<br>\u25cf  Coachingausbildung bei Dr. Astrid Schrey\u00f6gg, Berlin<br>\u25cf  Hypnotherapeutische Ausbildung am Milton Erickson Institut Frankfurt<br>\u25cf  Psychoonkologische T\u00e4tigkeit in Theorie und Praxis<br>\u25cf  Promoviert zum Dr. rer. physiol. an der universt\u00e4tsmedizinischen Fakult\u00e4t Mainz<br>\u25cf  Mitglied der Deutschen Krebsgesellschaft<br>\u25cf  EMDR \u2013 Zertifikat I und II bei Dr. Christine Rost, Frankfurt am Main<br>\u25cf  Videosprechstunde<\/p>\n\n\n\n<p><\/p>\n","protected":false},"excerpt":{"rendered":"<p>Herzlich Willkommen auf der Internetseite meiner Psychotherapeutischen Praxis. Diese Internetpr\u00e4senz soll Ihnen einen \u00dcberblick \u00fcber meine Arbeit und mein Leistungsangebot geben und ggf. Fragen Ihrerseits zu Therapieverfahren, St\u00f6rungsbildern und dem Ablauf einer Therapie kl\u00e4ren. Zu meiner Person:Niederlassung seit 2000 in freier PraxisKassenzulassung (alle Kassen und privat)f\u00fcr Tiefenpsychologisch Fundierte Psychotherapie Ausbildungen und Schwerpunkte: \u25cf Tiefenpsychologisch Fundierte [&hellip;]<\/p>\n","protected":false},"author":1,"featured_media":0,"parent":0,"menu_order":0,"comment_status":"closed","ping_status":"closed","template":"","meta":{"footnotes":""},"class_list":["post-7","page","type-page","status-publish","hentry"],"_links":{"self":[{"href":"https:\/\/kretzschmar-wiesbaden.de\/index.php?rest_route=\/wp\/v2\/pages\/7","targetHints":{"allow":["GET"]}}],"collection":[{"href":"https:\/\/kretzschmar-wiesbaden.de\/index.php?rest_route=\/wp\/v2\/pages"}],"about":[{"href":"https:\/\/kretzschmar-wiesbaden.de\/index.php?rest_route=\/wp\/v2\/types\/page"}],"author":[{"embeddable":true,"href":"https:\/\/kretzschmar-wiesbaden.de\/index.php?rest_route=\/wp\/v2\/users\/1"}],"replies":[{"embeddable":true,"href":"https:\/\/kretzschmar-wiesbaden.de\/index.php?rest_route=%2Fwp%2Fv2%2Fcomments&post=7"}],"version-history":[{"count":29,"href":"https:\/\/kretzschmar-wiesbaden.de\/index.php?rest_route=\/wp\/v2\/pages\/7\/revisions"}],"predecessor-version":[{"id":157,"href":"https:\/\/kretzschmar-wiesbaden.de\/index.php?rest_route=\/wp\/v2\/pages\/7\/revisions\/157"}],"wp:attachment":[{"href":"https:\/\/kretzschmar-wiesbaden.de\/index.php?rest_route=%2Fwp%2Fv2%2Fmedia&parent=7"}],"curies":[{"name":"wp","href":"https:\/\/api.w.org\/{rel}","templated":true}]}}