{"id":9,"date":"2025-05-20T18:53:55","date_gmt":"2025-05-20T16:53:55","guid":{"rendered":"https:\/\/kretzschmar-wiesbaden.de\/?page_id=9"},"modified":"2025-07-01T17:25:14","modified_gmt":"2025-07-01T15:25:14","slug":"psychotherapie","status":"publish","type":"page","link":"https:\/\/kretzschmar-wiesbaden.de\/?page_id=9","title":{"rendered":"Psychotherapie"},"content":{"rendered":"\n<h1 class=\"wp-block-heading\">Psychotherapie<\/h1>\n\n\n\n<p><strong>Wann ist eine psychotherapeutische Behandlung ratsam?<\/strong><\/p>\n\n\n\n<p>Wenn Sie durch seelische Probleme belastet sind und diese scheinbar nicht mehr alleine bew\u00e4ltigen k\u00f6nnen, sollten Sie sich nicht scheuen, professionelle Hilfe in Anspruch zu nehmen. Dies gilt insbesondere dann, wenn sich die psychische St\u00f6rung schon \u00fcber l\u00e4ngere Zeit hinzieht und sich der psychische Zustand verschlechtert. Psychotherapie kann definiert werden als die Behandlung von psychischen St\u00f6rungen mit <em>Krankheitswert<\/em>*, dazu z\u00e4hlen unter anderem:<\/p>\n\n\n\n<ul class=\"wp-block-list\">\n<li>Depressionen<\/li>\n\n\n\n<li>\u00c4ngste<\/li>\n\n\n\n<li>Zw\u00e4nge<\/li>\n\n\n\n<li>Pers\u00f6nlichkeitsst\u00f6rungen<\/li>\n\n\n\n<li>psychosomatische Erkrankungen<\/li>\n<\/ul>\n\n\n\n<p>Auch werden psychotherapeutische Ma\u00dfnahmen immer h\u00e4ufiger als Erg\u00e4nzung zu medizinischer Behandlung eingesetzt, etwa bei <em>Tumor<\/em>-, <em>Herz-Kreislauf<\/em>\u2013 oder anderen schwerwiegenden, <em>k\u00f6rperlichen<\/em> Erkrankungen (siehe <a href=\"http:\/\/kretzwi.nano-dev.de\/psychotherapie\/psychoonkologie\/\">Psychoonkologie<\/a>).<\/p>\n\n\n\n<p>Je nach Art und Schwere der St\u00f6rung sind in der tiefenpsychologisch fundierten Psychotherapie zwischen <strong>25 Sitzungen (Kuzzeittherapie)<\/strong> und <strong>100 Sitzungen (Langzeittherapie)<\/strong> in w\u00f6chentlicher oder zweiw\u00f6chentlicher Frequenz m\u00f6glich. Die Behandlung kann begr\u00fcndet zu jedem Zeitpunkt beendet werden.<\/p>\n\n\n\n<p>Eine gewisse Stabilit\u00e4t und Belastbarkeit seitens des Patienten ist w\u00fcnschenswert, im anderen Fall ist eine station\u00e4re Behandlung zu w\u00e4hlen.<\/p>\n\n\n\n<p>* <em>Krankheitswert<\/em> bedeutet, dass ein Mensch wesentliche, f\u00fcr ihn wichtige Aufgaben im privaten, wie beruflichen Lebensalltag nicht mehr ausreichend leisten kann und darunter leidet.<\/p>\n","protected":false},"excerpt":{"rendered":"<p>Psychotherapie Wann ist eine psychotherapeutische Behandlung ratsam? Wenn Sie durch seelische Probleme belastet sind und diese scheinbar nicht mehr alleine bew\u00e4ltigen k\u00f6nnen, sollten Sie sich nicht scheuen, professionelle Hilfe in Anspruch zu nehmen. Dies gilt insbesondere dann, wenn sich die psychische St\u00f6rung schon \u00fcber l\u00e4ngere Zeit hinzieht und sich der psychische Zustand verschlechtert. Psychotherapie kann [&hellip;]<\/p>\n","protected":false},"author":1,"featured_media":0,"parent":0,"menu_order":1,"comment_status":"closed","ping_status":"closed","template":"","meta":{"footnotes":""},"class_list":["post-9","page","type-page","status-publish","hentry"],"_links":{"self":[{"href":"https:\/\/kretzschmar-wiesbaden.de\/index.php?rest_route=\/wp\/v2\/pages\/9","targetHints":{"allow":["GET"]}}],"collection":[{"href":"https:\/\/kretzschmar-wiesbaden.de\/index.php?rest_route=\/wp\/v2\/pages"}],"about":[{"href":"https:\/\/kretzschmar-wiesbaden.de\/index.php?rest_route=\/wp\/v2\/types\/page"}],"author":[{"embeddable":true,"href":"https:\/\/kretzschmar-wiesbaden.de\/index.php?rest_route=\/wp\/v2\/users\/1"}],"replies":[{"embeddable":true,"href":"https:\/\/kretzschmar-wiesbaden.de\/index.php?rest_route=%2Fwp%2Fv2%2Fcomments&post=9"}],"version-history":[{"count":2,"href":"https:\/\/kretzschmar-wiesbaden.de\/index.php?rest_route=\/wp\/v2\/pages\/9\/revisions"}],"predecessor-version":[{"id":47,"href":"https:\/\/kretzschmar-wiesbaden.de\/index.php?rest_route=\/wp\/v2\/pages\/9\/revisions\/47"}],"wp:attachment":[{"href":"https:\/\/kretzschmar-wiesbaden.de\/index.php?rest_route=%2Fwp%2Fv2%2Fmedia&parent=9"}],"curies":[{"name":"wp","href":"https:\/\/api.w.org\/{rel}","templated":true}]}}